{"id":315,"date":"2019-12-30T11:27:42","date_gmt":"2019-12-30T08:27:42","guid":{"rendered":"http:\/\/denticare.bold-themes.com\/michelle\/?page_id=110"},"modified":"2022-08-16T13:45:39","modified_gmt":"2022-08-16T10:45:39","slug":"patient-feedback","status":"publish","type":"page","link":"https:\/\/www.dentalesthetics-implant.com\/en\/patient-feedback\/","title":{"rendered":"Patient Feedback"},"content":{"rendered":"<section id=\"bt_bb_section69e39ec5d36b3\" class=\"bt_bb_section bt_bb_layout_boxed_1200 bt_bb_vertical_align_top bt_bb_top_spacing_large bt_bb_bottom_spacing_large\" style=\";background-color:#f2f2f2;\" data-bt-override-class=\"null\"><div class=\"bt_bb_background_image_holder_wrapper\"><div class=\"bt_bb_background_image_holder btLazyLoadBackground\"  data-background_image_src=\"'https:\/\/www.dentalesthetics-implant.com\/en\/wp-content\/uploads\/2020\/01\/background.jpg'\" data-parallax-zoom-start=\"1\" data-parallax-zoom-end=\"1\" data-parallax-blur-start=\"0\" data-parallax-blur-end=\"0\" data-parallax-opacity-start=\"1\" data-parallax-opacity-end=\"1\" style=\"background-image:url(&#039;https:\/\/www.dentalesthetics-implant.com\/en\/wp-content\/plugins\/bold-page-builder\/img\/blank.gif&#039;);\"\"><\/div><\/div><div class=\"bt_bb_port\"><div class=\"bt_bb_cell\"><div class=\"bt_bb_cell_inner\"><div class=\"bt_bb_row_wrapper\"><div  class=\"bt_bb_row\" ><div  class=\"bt_bb_column col-xl-12 bt_bb_align_left bt_bb_vertical_align_middle bt_bb_animation_fade_in animate bt_bb_padding_normal bt_bb_animation_fade_in animate\"  data-width=\"12\" data-bt-override-class=\"{}\"><div class=\"bt_bb_column_content\"><div class=\"bt_bb_content_slider bt_bb_content_slider_24679 bt_slider_items_shadow bt_bb_gap_extra_large bt_bb_arrows_size_no_arrows bt_bb_show_dots_below bt_bb_dots_style_accent_dot bt_bb_show_paging_as_square bt_bb_height_auto bt_bb_animation_slide bt_bb_shadow bt_bb_multiple_slides bt_bb_animation_slide animate\"><div class=\"slick-slider\"  data-slick='{ \"lazyLoad\": \"progressive\", \"cssEase\": \"ease-out\", \"speed\": \"600\", \"accessibility\": false, \"prevArrow\": \"\", \"nextArrow\": \"\", \"adaptiveHeight\": true, \"dots\": true,\"slidesToShow\": 3,\"autoplay\": true, \"autoplaySpeed\": 3000, \"responsive\": [{ \"breakpoint\": 480, \"settings\": { \"slidesToShow\": 1, \"slidesToScroll\": 1 } },{ \"breakpoint\": 768, \"settings\": { \"slidesToShow\": 2, \"slidesToScroll\": 2 } }]}' ><div class=\"bt_bb_content_slider_item\" style=\"background-size: auto; background-repeat: no-repeat; background-position: top right;\"><div class=\"bt_bb_content_slider_item_content content\"><div class=\"bt_bb_separator bt_bb_border_style_none bt_bb_bottom_spacing_normal\" data-bt-override-class=\"null\"><\/div><div  class=\"bt_bb_row_inner bt_bb_column_inner_gap_5\" style=\"margin-left: 40px; margin-right: 40px;\"><div  class=\"bt_bb_column_inner col-xl-3 bt_bb_align_left bt_bb_vertical_align_middle bt_bb_padding_normal\"  data-width=\"3\" data-bt-override-class=\"{}\"><div class=\"bt_bb_column_inner_content\"><div class=\"bt_bb_separator bt_bb_border_style_none bt_bb_bottom_spacing_small\" data-bt-override-class=\"null\"><\/div><div class=\"bt_bb_image bt_bb_shape_hard-rounded bt_bb_target_self bt_bb_align_inherit bt_bb_hover_style_simple bt_bb_content_display_always bt_bb_content_align_middle\" style=\"max-width: 60px;\" data-bt-override-class=\"{}\"><span><img width=\"160\" height=\"160\" src=\"https:\/\/www.dentalesthetics-implant.com\/en\/wp-content\/uploads\/2020\/01\/client-01-160x160.jpg\" class=\"attachment-thumbnail size-thumbnail\" alt=\"https:\/\/www.dentalesthetics-implant.com\/en\/wp-content\/uploads\/2020\/01\/client-01-160x160.jpg\" decoding=\"async\" loading=\"lazy\" data-full_image_src=\"https:\/\/www.dentalesthetics-implant.com\/en\/wp-content\/uploads\/2020\/01\/client-01.jpg\" srcset=\"https:\/\/www.dentalesthetics-implant.com\/en\/wp-content\/uploads\/2020\/01\/client-01-160x160.jpg 160w, https:\/\/www.dentalesthetics-implant.com\/en\/wp-content\/uploads\/2020\/01\/client-01-640x640.jpg 640w, https:\/\/www.dentalesthetics-implant.com\/en\/wp-content\/uploads\/2020\/01\/client-01-320x320.jpg 320w, https:\/\/www.dentalesthetics-implant.com\/en\/wp-content\/uploads\/2020\/01\/client-01.jpg 745w\" sizes=\"(max-width: 160px) 100vw, 160px\" \/><\/span><\/div><div class=\"bt_bb_column_inner_highlight\"><\/div><\/div><\/div><div  class=\"bt_bb_column_inner col-xl-9 bt_bb_align_left bt_bb_vertical_align_middle bt_bb_padding_normal bt_bb_column_inner_background_image\" style=\"background-image:url(&#039;https:\/\/www.dentalesthetics-implant.com\/en\/wp-content\/uploads\/2020\/02\/img-quote.png&#039;);background-position:top right;background-size:auto;\" data-width=\"9\" data-bt-override-class=\"{}\"><div class=\"bt_bb_column_inner_content\"><div class=\"bt_bb_separator bt_bb_border_style_none bt_bb_bottom_spacing_small\" data-bt-override-class=\"null\"><\/div><header class=\"bt_bb_headline bt_bb_dash_none bt_bb_subheadline bt_bb_size_extrasmall bt_bb_align_inherit bt_bb_dash_type_none\" data-bt-override-class=\"{}\"><h5 class=\"bt_bb_headline_tag\"><span class=\"bt_bb_headline_content\"><span>Kevin Gruber<\/span><\/span><\/h5><div class=\"bt_bb_headline_subheadline\">Di\u015f Beyazlatma<\/div><\/header><div class=\"bt_bb_column_inner_highlight\"><\/div><\/div><\/div><\/div><div  class=\"bt_bb_row_inner\" style=\"margin-left: 20px; margin-right: 20px;\"><div  class=\"bt_bb_column_inner col-xl-12 bt_bb_align_left bt_bb_vertical_align_middle bt_bb_padding_normal\"  data-width=\"12\" data-bt-override-class=\"{}\"><div class=\"bt_bb_column_inner_content\"><div class=\"bt_bb_separator bt_bb_border_style_none bt_bb_top_spacing_small\" data-bt-override-class=\"null\"><\/div><div  class=\"bt_bb_text\" ><p>It was my first visit to Turkey. They were very involved. I am grateful for that. I was also very satisfied with the treatment. Thank you.<\/p>\n<\/div><div class=\"bt_bb_separator bt_bb_border_style_none bt_bb_top_spacing_small\" data-bt-override-class=\"null\"><\/div><div class=\"bt_bb_column_inner_highlight\"><\/div><\/div><\/div><\/div><div class=\"bt_bb_separator bt_bb_border_style_none bt_bb_top_spacing_normal\" data-bt-override-class=\"null\"><\/div><\/div><\/div><div class=\"bt_bb_content_slider_item\" style=\"background-size: auto; background-repeat: no-repeat; background-position: top right;\"><div class=\"bt_bb_content_slider_item_content content\"><div class=\"bt_bb_separator bt_bb_border_style_none bt_bb_bottom_spacing_normal\" data-bt-override-class=\"null\"><\/div><div  class=\"bt_bb_row_inner bt_bb_column_inner_gap_5\" style=\"margin-left: 40px; margin-right: 40px;\"><div  class=\"bt_bb_column_inner col-xl-3 bt_bb_align_left bt_bb_vertical_align_middle bt_bb_padding_normal\"  data-width=\"3\" data-bt-override-class=\"{}\"><div class=\"bt_bb_column_inner_content\"><div class=\"bt_bb_separator bt_bb_border_style_none bt_bb_bottom_spacing_small\" data-bt-override-class=\"null\"><\/div><div class=\"bt_bb_image bt_bb_shape_hard-rounded bt_bb_target_self bt_bb_align_inherit bt_bb_hover_style_simple bt_bb_content_display_always bt_bb_content_align_middle\" style=\"max-width: 60px;\" data-bt-override-class=\"{}\"><span><img width=\"160\" height=\"160\" src=\"https:\/\/www.dentalesthetics-implant.com\/en\/wp-content\/uploads\/2020\/01\/client-04-160x160.jpg\" class=\"attachment-thumbnail size-thumbnail\" alt=\"https:\/\/www.dentalesthetics-implant.com\/en\/wp-content\/uploads\/2020\/01\/client-04-160x160.jpg\" decoding=\"async\" loading=\"lazy\" data-full_image_src=\"https:\/\/www.dentalesthetics-implant.com\/en\/wp-content\/uploads\/2020\/01\/client-04.jpg\" srcset=\"https:\/\/www.dentalesthetics-implant.com\/en\/wp-content\/uploads\/2020\/01\/client-04-160x160.jpg 160w, https:\/\/www.dentalesthetics-implant.com\/en\/wp-content\/uploads\/2020\/01\/client-04-640x640.jpg 640w, https:\/\/www.dentalesthetics-implant.com\/en\/wp-content\/uploads\/2020\/01\/client-04-320x320.jpg 320w, https:\/\/www.dentalesthetics-implant.com\/en\/wp-content\/uploads\/2020\/01\/client-04.jpg 745w\" sizes=\"(max-width: 160px) 100vw, 160px\" \/><\/span><\/div><div class=\"bt_bb_column_inner_highlight\"><\/div><\/div><\/div><div  class=\"bt_bb_column_inner col-xl-9 bt_bb_align_left bt_bb_vertical_align_middle bt_bb_padding_normal bt_bb_column_inner_background_image\" style=\"background-image:url(&#039;https:\/\/www.dentalesthetics-implant.com\/en\/wp-content\/uploads\/2020\/02\/img-quote.png&#039;);background-position:top right;background-size:auto;\" data-width=\"9\" data-bt-override-class=\"{}\"><div class=\"bt_bb_column_inner_content\"><div class=\"bt_bb_separator bt_bb_border_style_none bt_bb_bottom_spacing_small\" data-bt-override-class=\"null\"><\/div><header class=\"bt_bb_headline bt_bb_dash_none bt_bb_subheadline bt_bb_size_extrasmall bt_bb_align_inherit bt_bb_dash_type_none\" data-bt-override-class=\"{}\"><h5 class=\"bt_bb_headline_tag\"><span class=\"bt_bb_headline_content\"><span>G\u00f6n\u00fcl Ate\u015f<\/span><\/span><\/h5><div class=\"bt_bb_headline_subheadline\">Implant<\/div><\/header><div class=\"bt_bb_column_inner_highlight\"><\/div><\/div><\/div><\/div><div  class=\"bt_bb_row_inner\" style=\"margin-left: 20px; margin-right: 20px;\"><div  class=\"bt_bb_column_inner col-xl-12 bt_bb_align_left bt_bb_vertical_align_middle bt_bb_padding_normal\"  data-width=\"12\" data-bt-override-class=\"{}\"><div class=\"bt_bb_column_inner_content\"><div class=\"bt_bb_separator bt_bb_border_style_none bt_bb_top_spacing_small\" data-bt-override-class=\"null\"><\/div><div  class=\"bt_bb_text\" ><p>Dental Esthetic, which I went on recommendation, will now be my only address for my dental treatments. Thank you so much for your interest and kindness.<\/p>\n<\/div><div class=\"bt_bb_separator bt_bb_border_style_none bt_bb_top_spacing_small\" data-bt-override-class=\"null\"><\/div><div class=\"bt_bb_column_inner_highlight\"><\/div><\/div><\/div><\/div><div class=\"bt_bb_separator bt_bb_border_style_none bt_bb_top_spacing_normal\" data-bt-override-class=\"null\"><\/div><\/div><\/div><div class=\"bt_bb_content_slider_item\" style=\"background-size: auto; background-repeat: no-repeat; background-position: top right;\"><div class=\"bt_bb_content_slider_item_content content\"><div class=\"bt_bb_separator bt_bb_border_style_none bt_bb_bottom_spacing_normal\" data-bt-override-class=\"null\"><\/div><div  class=\"bt_bb_row_inner bt_bb_column_inner_gap_5\" style=\"margin-left: 40px; margin-right: 40px;\"><div  class=\"bt_bb_column_inner col-xl-3 bt_bb_align_left bt_bb_vertical_align_middle bt_bb_padding_normal\"  data-width=\"3\" data-bt-override-class=\"{}\"><div class=\"bt_bb_column_inner_content\"><div class=\"bt_bb_separator bt_bb_border_style_none bt_bb_bottom_spacing_small\" data-bt-override-class=\"null\"><\/div><div class=\"bt_bb_image bt_bb_shape_hard-rounded bt_bb_target_self bt_bb_align_inherit bt_bb_hover_style_simple bt_bb_content_display_always bt_bb_content_align_middle\" style=\"max-width: 60px;\" data-bt-override-class=\"{}\"><span><img width=\"160\" height=\"160\" src=\"https:\/\/www.dentalesthetics-implant.com\/en\/wp-content\/uploads\/2020\/01\/client-03-160x160.jpg\" class=\"attachment-thumbnail size-thumbnail\" alt=\"https:\/\/www.dentalesthetics-implant.com\/en\/wp-content\/uploads\/2020\/01\/client-03-160x160.jpg\" decoding=\"async\" loading=\"lazy\" data-full_image_src=\"https:\/\/www.dentalesthetics-implant.com\/en\/wp-content\/uploads\/2020\/01\/client-03.jpg\" srcset=\"https:\/\/www.dentalesthetics-implant.com\/en\/wp-content\/uploads\/2020\/01\/client-03-160x160.jpg 160w, https:\/\/www.dentalesthetics-implant.com\/en\/wp-content\/uploads\/2020\/01\/client-03-640x640.jpg 640w, https:\/\/www.dentalesthetics-implant.com\/en\/wp-content\/uploads\/2020\/01\/client-03-320x320.jpg 320w, https:\/\/www.dentalesthetics-implant.com\/en\/wp-content\/uploads\/2020\/01\/client-03.jpg 738w\" sizes=\"(max-width: 160px) 100vw, 160px\" \/><\/span><\/div><div class=\"bt_bb_column_inner_highlight\"><\/div><\/div><\/div><div  class=\"bt_bb_column_inner col-xl-9 bt_bb_align_left bt_bb_vertical_align_middle bt_bb_padding_normal bt_bb_column_inner_background_image\" style=\"background-image:url(&#039;https:\/\/www.dentalesthetics-implant.com\/en\/wp-content\/uploads\/2020\/02\/img-quote.png&#039;);background-position:top right;background-size:auto;\" data-width=\"9\" data-bt-override-class=\"{}\"><div class=\"bt_bb_column_inner_content\"><div class=\"bt_bb_separator bt_bb_border_style_none bt_bb_bottom_spacing_small\" data-bt-override-class=\"null\"><\/div><header class=\"bt_bb_headline bt_bb_dash_none bt_bb_subheadline bt_bb_size_extrasmall bt_bb_align_inherit bt_bb_dash_type_none\" data-bt-override-class=\"{}\"><h5 class=\"bt_bb_headline_tag\"><span class=\"bt_bb_headline_content\"><span>Melis Y\u0131lmaz<\/span><\/span><\/h5><div class=\"bt_bb_headline_subheadline\">Implant<\/div><\/header><div class=\"bt_bb_column_inner_highlight\"><\/div><\/div><\/div><\/div><div  class=\"bt_bb_row_inner\" style=\"margin-left: 20px; margin-right: 20px;\"><div  class=\"bt_bb_column_inner col-xl-12 bt_bb_align_left bt_bb_vertical_align_middle bt_bb_padding_normal\"  data-width=\"12\" data-bt-override-class=\"{}\"><div class=\"bt_bb_column_inner_content\"><div class=\"bt_bb_separator bt_bb_border_style_none bt_bb_top_spacing_small\" data-bt-override-class=\"null\"><\/div><div  class=\"bt_bb_text\" ><p>I was very satisfied with the Dental Esthetic I chose for dental treatment. Now I am happy to have found a reliable place to choose for my dental treatments.<\/p>\n<\/div><div class=\"bt_bb_separator bt_bb_border_style_none bt_bb_top_spacing_small\" data-bt-override-class=\"null\"><\/div><div class=\"bt_bb_column_inner_highlight\"><\/div><\/div><\/div><\/div><div class=\"bt_bb_separator bt_bb_border_style_none bt_bb_top_spacing_normal\" data-bt-override-class=\"null\"><\/div><\/div><\/div><div class=\"bt_bb_content_slider_item\" style=\"background-size: auto; background-repeat: no-repeat; background-position: top right;\"><div class=\"bt_bb_content_slider_item_content content\"><div class=\"bt_bb_separator bt_bb_border_style_none bt_bb_bottom_spacing_normal\" data-bt-override-class=\"null\"><\/div><div  class=\"bt_bb_row_inner bt_bb_column_inner_gap_5\" style=\"margin-left: 40px; margin-right: 40px;\"><div  class=\"bt_bb_column_inner col-xl-3 bt_bb_align_left bt_bb_vertical_align_middle bt_bb_padding_normal\"  data-width=\"3\" data-bt-override-class=\"{}\"><div class=\"bt_bb_column_inner_content\"><div class=\"bt_bb_separator bt_bb_border_style_none bt_bb_bottom_spacing_small\" data-bt-override-class=\"null\"><\/div><div class=\"bt_bb_image bt_bb_shape_hard-rounded bt_bb_target_self bt_bb_align_inherit bt_bb_hover_style_simple bt_bb_content_display_always bt_bb_content_align_middle\" style=\"max-width: 60px;\" data-bt-override-class=\"{}\"><span><img width=\"160\" height=\"160\" src=\"https:\/\/www.dentalesthetics-implant.com\/en\/wp-content\/uploads\/2020\/01\/client-02-160x160.jpg\" class=\"attachment-thumbnail size-thumbnail\" alt=\"https:\/\/www.dentalesthetics-implant.com\/en\/wp-content\/uploads\/2020\/01\/client-02-160x160.jpg\" decoding=\"async\" loading=\"lazy\" data-full_image_src=\"https:\/\/www.dentalesthetics-implant.com\/en\/wp-content\/uploads\/2020\/01\/client-02.jpg\" srcset=\"https:\/\/www.dentalesthetics-implant.com\/en\/wp-content\/uploads\/2020\/01\/client-02-160x160.jpg 160w, https:\/\/www.dentalesthetics-implant.com\/en\/wp-content\/uploads\/2020\/01\/client-02-640x640.jpg 640w, https:\/\/www.dentalesthetics-implant.com\/en\/wp-content\/uploads\/2020\/01\/client-02-320x320.jpg 320w, https:\/\/www.dentalesthetics-implant.com\/en\/wp-content\/uploads\/2020\/01\/client-02.jpg 738w\" sizes=\"(max-width: 160px) 100vw, 160px\" \/><\/span><\/div><div class=\"bt_bb_column_inner_highlight\"><\/div><\/div><\/div><div  class=\"bt_bb_column_inner col-xl-9 bt_bb_align_left bt_bb_vertical_align_middle bt_bb_padding_normal bt_bb_column_inner_background_image\" style=\"background-image:url(&#039;https:\/\/www.dentalesthetics-implant.com\/en\/wp-content\/uploads\/2020\/02\/img-quote.png&#039;);background-position:top right;background-size:auto;\" data-width=\"9\" data-bt-override-class=\"{}\"><div class=\"bt_bb_column_inner_content\"><div class=\"bt_bb_separator bt_bb_border_style_none bt_bb_bottom_spacing_small\" data-bt-override-class=\"null\"><\/div><header class=\"bt_bb_headline bt_bb_dash_none bt_bb_subheadline bt_bb_size_extrasmall bt_bb_align_inherit bt_bb_dash_type_none\" data-bt-override-class=\"{}\"><h5 class=\"bt_bb_headline_tag\"><span class=\"bt_bb_headline_content\"><span>Hale Y\u0131ld\u0131z<\/span><\/span><\/h5><div class=\"bt_bb_headline_subheadline\">Di\u015f Beyazlatma<\/div><\/header><div class=\"bt_bb_column_inner_highlight\"><\/div><\/div><\/div><\/div><div  class=\"bt_bb_row_inner\" style=\"margin-left: 20px; margin-right: 20px;\"><div  class=\"bt_bb_column_inner col-xl-12 bt_bb_align_left bt_bb_vertical_align_middle bt_bb_padding_normal\"  data-width=\"12\" data-bt-override-class=\"{}\"><div class=\"bt_bb_column_inner_content\"><div class=\"bt_bb_separator bt_bb_border_style_none bt_bb_top_spacing_small\" data-bt-override-class=\"null\"><\/div><div  class=\"bt_bb_text\" ><p>I was very satisfied with the Dental Esthetic Implant, which I only went for teeth whitening. Thank you for your interest and engagement.<\/p>\n<\/div><div class=\"bt_bb_separator bt_bb_border_style_none bt_bb_top_spacing_small\" data-bt-override-class=\"null\"><\/div><div class=\"bt_bb_column_inner_highlight\"><\/div><\/div><\/div><\/div><div class=\"bt_bb_separator bt_bb_border_style_none bt_bb_top_spacing_normal\" data-bt-override-class=\"null\"><\/div><\/div><\/div><\/div><\/div><div class=\"bt_bb_column_highlight\"><\/div><\/div><\/div><\/div><\/div><\/div><!-- cell_inner --><\/div><!-- cell --><\/div><!-- port --><\/section><section id=\"bt_bb_section69e39ec5d625d\" class=\"bt_bb_section bt_bb_layout_boxed_1200 bt_bb_vertical_align_top bt_bb_hidden_md bt_bb_hidden_lg\"  data-bt-override-class=\"null\"><div class=\"bt_bb_port\"><div class=\"bt_bb_cell\"><div class=\"bt_bb_cell_inner\"><div class=\"bt_bb_row_wrapper\"><div  class=\"bt_bb_row\" ><div  class=\"bt_bb_column col-xl-12 bt_bb_align_left bt_bb_vertical_align_top bt_bb_padding_normal\"  data-width=\"12\" data-bt-override-class=\"{}\"><div class=\"bt_bb_column_content\"><div class=\"bt_bb_separator bt_bb_border_style_none bt_bb_bottom_spacing_medium\" data-bt-override-class=\"null\"><\/div><div class=\"bt_bb_column_highlight\"><\/div><\/div><\/div><\/div><\/div><\/div><!-- cell_inner --><\/div><!-- cell --><\/div><!-- port --><\/section><section id=\"bt_bb_section69e39ec5d6406\" class=\"bt_bb_section bt_bb_layout_boxed_1200 bt_bb_vertical_align_top bt_bb_overlap_columns_left_under\"  data-bt-override-class=\"null\"><div class=\"bt_bb_port\"><div class=\"bt_bb_cell\"><div class=\"bt_bb_cell_inner\"><div class=\"bt_bb_row_wrapper\"><div  class=\"bt_bb_row bt_bb_column_gap_25\" style=\"margin-top: -85px;\"><div  class=\"bt_bb_column col-xl-6 btDarkSkin bt_bb_align_left bt_bb_vertical_align_middle bt_bb_animation_fade_in move_up animate bt_bb_padding_double bt_bb_animation_fade_in bt_bb_animation_move_up animate\" style=\"background: transparent;\" data-width=\"6\" data-bt-override-class=\"{}\"><div class=\"bt_bb_column_content\" style=\"background-color:rgba(38, 99, 177, 1);\"><div class=\"bt_bb_separator bt_bb_border_style_none bt_bb_top_spacing_normal\" data-bt-override-class=\"null\"><\/div><header class=\"bt_bb_headline bt_bb_dash_none bt_bb_size_large bt_bb_align_inherit bt_bb_dash_type_none\" data-bt-override-class=\"{}\"><h2 style=\"font-size:3.125em\" class=\"bt_bb_headline_tag\"><span class=\"bt_bb_headline_content\"><span>Dental Esthetic Implant<\/span><\/span><\/h2><\/header><div class=\"bt_bb_separator bt_bb_border_style_solid bt_bb_top_spacing_small bt_bb_bottom_spacing_small\" style=\"; border-width: 1px\" data-bt-override-class=\"null\"><\/div><div  class=\"bt_bb_row_inner\" ><div  class=\"bt_bb_column_inner col-xl-6 bt_bb_align_left bt_bb_vertical_align_top\"  data-width=\"6\" data-bt-override-class=\"{}\"><div class=\"bt_bb_column_inner_content\"><div  class=\"bt_bb_text\" ><p>Dental Esthetic Implant has been serving in Istanbul Kad\u0131k\u00f6y since 1993.<\/p>\n<p>Dentist D\u00fcndar \u00d6zbaylar was born in Erzurum in 1968. \u00d6zbaylar comes from a successful family in handicrafts (his grandfather \u0130hsan \u00d6zbaylar has an award and medal signed by Celal Bayar, as he represented Turkey abroad in the field of handicrafts and jewelry in the early years of the Republic).<\/p>\n<\/div><div class=\"bt_bb_column_inner_highlight\"><\/div><\/div><\/div><div  class=\"bt_bb_column_inner col-xl-6 bt_bb_align_left bt_bb_vertical_align_top\"  data-width=\"6\" data-bt-override-class=\"{}\"><div class=\"bt_bb_column_inner_content\"><div  class=\"bt_bb_text\" ><p>Our dentist, who started his education in Erzurum, settled in Istanbul with his family during his high school years and graduated from the 50th Year Tarhan High School in 1985. Marmara University in 1993. After graduating from the Faculty of Dentistry, he opened his practice in the same year and started active dentistry.<\/p>\n<\/div><div class=\"bt_bb_column_inner_highlight\"><\/div><\/div><\/div><\/div><div class=\"bt_bb_separator bt_bb_border_style_none bt_bb_bottom_spacing_normal\" data-bt-override-class=\"null\"><\/div><div class=\"bt_bb_column_highlight\"><\/div><\/div><\/div><div  class=\"bt_bb_column col-xl-6 bt_bb_align_center bt_bb_vertical_align_middle bt_bb_animation_fade_in move_up animate bt_bb_padding_normal bt_bb_animation_fade_in bt_bb_animation_move_up animate\" style=\"padding: 0;\" data-width=\"6\" data-bt-override-class=\"{}\"><div class=\"bt_bb_column_content\"><div class=\"bt_bb_image bt_bb_shape_square bt_bb_target_self bt_bb_align_inherit bt_bb_hover_style_simple bt_bb_content_display_always bt_bb_content_align_middle\" data-bt-override-class=\"{}\"><span><img width=\"1920\" height=\"1280\" src=\"https:\/\/www.dentalesthetics-implant.com\/en\/wp-content\/uploads\/2022\/08\/hasta-gorusleri.jpg\" class=\"attachment-full size-full\" alt=\"https:\/\/www.dentalesthetics-implant.com\/en\/wp-content\/uploads\/2022\/08\/hasta-gorusleri.jpg\" decoding=\"async\" loading=\"lazy\" data-full_image_src=\"https:\/\/www.dentalesthetics-implant.com\/en\/wp-content\/uploads\/2022\/08\/hasta-gorusleri.jpg\" title=\"hasta-gorusleri\" srcset=\"https:\/\/www.dentalesthetics-implant.com\/en\/wp-content\/uploads\/2022\/08\/hasta-gorusleri.jpg 1920w, https:\/\/www.dentalesthetics-implant.com\/en\/wp-content\/uploads\/2022\/08\/hasta-gorusleri-640x427.jpg 640w, https:\/\/www.dentalesthetics-implant.com\/en\/wp-content\/uploads\/2022\/08\/hasta-gorusleri-1280x853.jpg 1280w, https:\/\/www.dentalesthetics-implant.com\/en\/wp-content\/uploads\/2022\/08\/hasta-gorusleri-768x512.jpg 768w, https:\/\/www.dentalesthetics-implant.com\/en\/wp-content\/uploads\/2022\/08\/hasta-gorusleri-1536x1024.jpg 1536w, https:\/\/www.dentalesthetics-implant.com\/en\/wp-content\/uploads\/2022\/08\/hasta-gorusleri-320x213.jpg 320w\" sizes=\"(max-width: 1920px) 100vw, 1920px\" \/><\/span><\/div><div class=\"bt_bb_column_highlight\"><\/div><\/div><\/div><\/div><\/div><\/div><!-- cell_inner --><\/div><!-- cell --><\/div><!-- port --><\/section>","protected":false},"excerpt":{"rendered":"<p>Phosfluorescently expedite impactful supply chains via focused results. Holistically generate open-source applications through bleeding-edge sources. Compellingly supply just in time catalysts for change through top-line potentialities.<\/p>\n","protected":false},"author":2,"featured_media":672,"parent":0,"menu_order":0,"comment_status":"closed","ping_status":"closed","template":"","meta":[],"_links":{"self":[{"href":"https:\/\/www.dentalesthetics-implant.com\/en\/wp-json\/wp\/v2\/pages\/315"}],"collection":[{"href":"https:\/\/www.dentalesthetics-implant.com\/en\/wp-json\/wp\/v2\/pages"}],"about":[{"href":"https:\/\/www.dentalesthetics-implant.com\/en\/wp-json\/wp\/v2\/types\/page"}],"author":[{"embeddable":true,"href":"https:\/\/www.dentalesthetics-implant.com\/en\/wp-json\/wp\/v2\/users\/2"}],"replies":[{"embeddable":true,"href":"https:\/\/www.dentalesthetics-implant.com\/en\/wp-json\/wp\/v2\/comments?post=315"}],"version-history":[{"count":10,"href":"https:\/\/www.dentalesthetics-implant.com\/en\/wp-json\/wp\/v2\/pages\/315\/revisions"}],"predecessor-version":[{"id":1946,"href":"https:\/\/www.dentalesthetics-implant.com\/en\/wp-json\/wp\/v2\/pages\/315\/revisions\/1946"}],"wp:featuredmedia":[{"embeddable":true,"href":"https:\/\/www.dentalesthetics-implant.com\/en\/wp-json\/wp\/v2\/media\/672"}],"wp:attachment":[{"href":"https:\/\/www.dentalesthetics-implant.com\/en\/wp-json\/wp\/v2\/media?parent=315"}],"curies":[{"name":"wp","href":"https:\/\/api.w.org\/{rel}","templated":true}]}}